{"id":271,"date":"2019-11-10T10:54:05","date_gmt":"2019-11-10T09:54:05","guid":{"rendered":"https:\/\/www.pm-vial.com\/MECELEC\/?page_id=271"},"modified":"2020-03-02T17:16:41","modified_gmt":"2020-03-02T16:16:41","slug":"legal-information","status":"publish","type":"page","link":"https:\/\/www.mecelec.fr\/en\/legal-information\/","title":{"rendered":"Legal information"},"content":{"rendered":"<h2>Propri\u00e9t\u00e9 intellectuelle<\/h2>\n<p>L\u2019ensemble de ce site rel\u00e8ve de la l\u00e9gislation fran\u00e7aise et internationale sur le droit d\u2019auteur et la propri\u00e9t\u00e9 intellectuelle. Tous les droits de reproduction sont r\u00e9serv\u00e9s, y compris pour les documents t\u00e9l\u00e9chargeables, les repr\u00e9sentations iconographiques, photographiques et audiovisuels.<\/p>\n<p>Toute repr\u00e9sentation ou reproduction totale ou partielle de ce site par quelque proc\u00e9d\u00e9 que ce soit, sans l\u2019autorisation expresse de MECELEC est interdite et constituerait une contrefa\u00e7on sanctionn\u00e9e par les articles L 335-2 et suivants du Code de la propri\u00e9t\u00e9 intellectuelle.<\/p>\n<p>&nbsp;<\/p>\n<h2>Titre niveau 2<\/h2>\n<p>&nbsp;<\/p>\n<h3>Titre niveau 3<\/h3>\n<p>&nbsp;<\/p>\n<h4>Titre niveau 4<\/h4>\n<p class=\"BgWhitecolorB\">Texte en valeur<\/p>\n<p><a class=\"btn\" href=\"#sd\">Voir le lien \/ test<\/a><\/p>\n<p class=\"little\">texte plus petit<\/p>\n<p><strong>Test mot en gras<\/strong><\/p>\n<p>&nbsp;<\/p>\n","protected":false},"excerpt":{"rendered":"<p>Propri\u00e9t\u00e9 intellectuelle L\u2019ensemble de ce site rel\u00e8ve de la l\u00e9gislation fran\u00e7aise et internationale sur le droit d\u2019auteur et la propri\u00e9t\u00e9 intellectuelle. Tous les droits de reproduction sont r\u00e9serv\u00e9s, y compris [&hellip;]<\/p>\n","protected":false},"author":1,"featured_media":0,"parent":0,"menu_order":0,"comment_status":"closed","ping_status":"closed","template":"","meta":{"_acf_changed":false,"footnotes":""},"class_list":["post-271","page","type-page","status-publish","hentry"],"acf":[],"yoast_head":"<!-- This site is optimized with the Yoast SEO plugin v26.6 - https:\/\/yoast.com\/wordpress\/plugins\/seo\/ -->\n<title>Legal information &#8226; Mecelec<\/title>\n<meta name=\"robots\" content=\"noindex, nofollow\" \/>\n<meta property=\"og:locale\" content=\"en_US\" \/>\n<meta property=\"og:type\" content=\"article\" \/>\n<meta property=\"og:title\" content=\"Legal information &#8226; Mecelec\" \/>\n<meta property=\"og:description\" content=\"Propri\u00e9t\u00e9 intellectuelle L\u2019ensemble de ce site rel\u00e8ve de la l\u00e9gislation fran\u00e7aise et internationale sur le droit d\u2019auteur et la propri\u00e9t\u00e9 intellectuelle. Tous les droits de reproduction sont r\u00e9serv\u00e9s, y compris [&hellip;]\" \/>\n<meta property=\"og:url\" content=\"https:\/\/www.mecelec.fr\/en\/legal-information\/\" \/>\n<meta property=\"og:site_name\" content=\"Mecelec\" \/>\n<meta property=\"article:modified_time\" content=\"2020-03-02T16:16:41+00:00\" \/>\n<meta name=\"twitter:card\" content=\"summary_large_image\" \/>\n<meta name=\"twitter:label1\" content=\"Est. reading time\" \/>\n\t<meta name=\"twitter:data1\" content=\"1 minute\" \/>\n<script type=\"application\/ld+json\" class=\"yoast-schema-graph\">{\"@context\":\"https:\/\/schema.org\",\"@graph\":[{\"@type\":\"WebPage\",\"@id\":\"https:\/\/www.mecelec.fr\/en\/legal-information\/\",\"url\":\"https:\/\/www.mecelec.fr\/en\/legal-information\/\",\"name\":\"Legal information &#8226; Mecelec\",\"isPartOf\":{\"@id\":\"https:\/\/www.mecelec.fr\/#website\"},\"datePublished\":\"2019-11-10T09:54:05+00:00\",\"dateModified\":\"2020-03-02T16:16:41+00:00\",\"breadcrumb\":{\"@id\":\"https:\/\/www.mecelec.fr\/en\/legal-information\/#breadcrumb\"},\"inLanguage\":\"en-US\",\"potentialAction\":[{\"@type\":\"ReadAction\",\"target\":[\"https:\/\/www.mecelec.fr\/en\/legal-information\/\"]}]},{\"@type\":\"BreadcrumbList\",\"@id\":\"https:\/\/www.mecelec.fr\/en\/legal-information\/#breadcrumb\",\"itemListElement\":[{\"@type\":\"ListItem\",\"position\":1,\"name\":\"Accueil\",\"item\":\"https:\/\/www.mecelec.fr\/en\/\"},{\"@type\":\"ListItem\",\"position\":2,\"name\":\"Legal information\"}]},{\"@type\":\"WebSite\",\"@id\":\"https:\/\/www.mecelec.fr\/#website\",\"url\":\"https:\/\/www.mecelec.fr\/\",\"name\":\"Mecelec\",\"description\":\"\",\"publisher\":{\"@id\":\"https:\/\/www.mecelec.fr\/#organization\"},\"potentialAction\":[{\"@type\":\"SearchAction\",\"target\":{\"@type\":\"EntryPoint\",\"urlTemplate\":\"https:\/\/www.mecelec.fr\/?s={search_term_string}\"},\"query-input\":{\"@type\":\"PropertyValueSpecification\",\"valueRequired\":true,\"valueName\":\"search_term_string\"}}],\"inLanguage\":\"en-US\"},{\"@type\":\"Organization\",\"@id\":\"https:\/\/www.mecelec.fr\/#organization\",\"name\":\"MECELEC Composites\",\"url\":\"https:\/\/www.mecelec.fr\/\",\"logo\":{\"@type\":\"ImageObject\",\"inLanguage\":\"en-US\",\"@id\":\"https:\/\/www.mecelec.fr\/#\/schema\/logo\/image\/\",\"url\":\"https:\/\/www.mecelec.fr\/wp-content\/uploads\/2019\/12\/logo-mecelec@2x.png\",\"contentUrl\":\"https:\/\/www.mecelec.fr\/wp-content\/uploads\/2019\/12\/logo-mecelec@2x.png\",\"width\":298,\"height\":94,\"caption\":\"MECELEC Composites\"},\"image\":{\"@id\":\"https:\/\/www.mecelec.fr\/#\/schema\/logo\/image\/\"},\"sameAs\":[\"https:\/\/www.linkedin.com\/company\/mecelec\/\"]}]}<\/script>\n<!-- \/ Yoast SEO plugin. -->","yoast_head_json":{"title":"Legal information &#8226; Mecelec","robots":{"index":"noindex","follow":"nofollow"},"og_locale":"en_US","og_type":"article","og_title":"Legal information &#8226; Mecelec","og_description":"Propri\u00e9t\u00e9 intellectuelle L\u2019ensemble de ce site rel\u00e8ve de la l\u00e9gislation fran\u00e7aise et internationale sur le droit d\u2019auteur et la propri\u00e9t\u00e9 intellectuelle. Tous les droits de reproduction sont r\u00e9serv\u00e9s, y compris [&hellip;]","og_url":"https:\/\/www.mecelec.fr\/en\/legal-information\/","og_site_name":"Mecelec","article_modified_time":"2020-03-02T16:16:41+00:00","twitter_card":"summary_large_image","twitter_misc":{"Est. reading time":"1 minute"},"schema":{"@context":"https:\/\/schema.org","@graph":[{"@type":"WebPage","@id":"https:\/\/www.mecelec.fr\/en\/legal-information\/","url":"https:\/\/www.mecelec.fr\/en\/legal-information\/","name":"Legal information &#8226; Mecelec","isPartOf":{"@id":"https:\/\/www.mecelec.fr\/#website"},"datePublished":"2019-11-10T09:54:05+00:00","dateModified":"2020-03-02T16:16:41+00:00","breadcrumb":{"@id":"https:\/\/www.mecelec.fr\/en\/legal-information\/#breadcrumb"},"inLanguage":"en-US","potentialAction":[{"@type":"ReadAction","target":["https:\/\/www.mecelec.fr\/en\/legal-information\/"]}]},{"@type":"BreadcrumbList","@id":"https:\/\/www.mecelec.fr\/en\/legal-information\/#breadcrumb","itemListElement":[{"@type":"ListItem","position":1,"name":"Accueil","item":"https:\/\/www.mecelec.fr\/en\/"},{"@type":"ListItem","position":2,"name":"Legal information"}]},{"@type":"WebSite","@id":"https:\/\/www.mecelec.fr\/#website","url":"https:\/\/www.mecelec.fr\/","name":"Mecelec","description":"","publisher":{"@id":"https:\/\/www.mecelec.fr\/#organization"},"potentialAction":[{"@type":"SearchAction","target":{"@type":"EntryPoint","urlTemplate":"https:\/\/www.mecelec.fr\/?s={search_term_string}"},"query-input":{"@type":"PropertyValueSpecification","valueRequired":true,"valueName":"search_term_string"}}],"inLanguage":"en-US"},{"@type":"Organization","@id":"https:\/\/www.mecelec.fr\/#organization","name":"MECELEC Composites","url":"https:\/\/www.mecelec.fr\/","logo":{"@type":"ImageObject","inLanguage":"en-US","@id":"https:\/\/www.mecelec.fr\/#\/schema\/logo\/image\/","url":"https:\/\/www.mecelec.fr\/wp-content\/uploads\/2019\/12\/logo-mecelec@2x.png","contentUrl":"https:\/\/www.mecelec.fr\/wp-content\/uploads\/2019\/12\/logo-mecelec@2x.png","width":298,"height":94,"caption":"MECELEC Composites"},"image":{"@id":"https:\/\/www.mecelec.fr\/#\/schema\/logo\/image\/"},"sameAs":["https:\/\/www.linkedin.com\/company\/mecelec\/"]}]}},"_links":{"self":[{"href":"https:\/\/www.mecelec.fr\/en\/wp-json\/wp\/v2\/pages\/271","targetHints":{"allow":["GET"]}}],"collection":[{"href":"https:\/\/www.mecelec.fr\/en\/wp-json\/wp\/v2\/pages"}],"about":[{"href":"https:\/\/www.mecelec.fr\/en\/wp-json\/wp\/v2\/types\/page"}],"author":[{"embeddable":true,"href":"https:\/\/www.mecelec.fr\/en\/wp-json\/wp\/v2\/users\/1"}],"replies":[{"embeddable":true,"href":"https:\/\/www.mecelec.fr\/en\/wp-json\/wp\/v2\/comments?post=271"}],"version-history":[{"count":2,"href":"https:\/\/www.mecelec.fr\/en\/wp-json\/wp\/v2\/pages\/271\/revisions"}],"predecessor-version":[{"id":273,"href":"https:\/\/www.mecelec.fr\/en\/wp-json\/wp\/v2\/pages\/271\/revisions\/273"}],"wp:attachment":[{"href":"https:\/\/www.mecelec.fr\/en\/wp-json\/wp\/v2\/media?parent=271"}],"curies":[{"name":"wp","href":"https:\/\/api.w.org\/{rel}","templated":true}]}}